{"id":1924,"date":"2024-09-04T10:01:58","date_gmt":"2024-09-04T10:01:58","guid":{"rendered":"https:\/\/mueblesvalles.com\/producto\/tressia\/"},"modified":"2024-09-04T10:01:58","modified_gmt":"2024-09-04T10:01:58","slug":"tressia","status":"publish","type":"product","link":"https:\/\/mueblesvalles.com\/de\/producto\/tressia\/","title":{"rendered":"Tressia"},"content":{"rendered":"<div id=\"productDetails\" class=\"technicalinfo-title\">\u00dcber das Produkt<\/div>\n<ul class=\"bullet-points\">\n<li class=\"bullet-points__item\">Stuhl aus MDF und massivem Gummibaumholz.<\/li>\n<li class=\"bullet-points__item\">Lackierte Oberfl\u00e4che f\u00fcr bessere Pflege.<\/li>\n<li class=\"bullet-points__item\">Da es sich um ein nat\u00fcrliches Material handelt, hat jedes St\u00fcck eine einzigartige Holzmaserung und Form.<\/li>\n<li class=\"bullet-points__item\">R\u00fcckenlehne mit geschwungener Form, um den R\u00fccken zu umschlie\u00dfen.<\/li>\n<li class=\"bullet-points__item\">Erh\u00e4ltlich in weiteren Farben.<\/li>\n<\/ul>\n<div class=\"cota-gallery\"><picture class=\"details-image\" data-expand=\"-110\"><source srcset=\"  https:\/\/d.media.kavehome.com\/image\/upload\/w_auto,h_670,c_fill\/v1708965466\/measurements\/CC0429M46_1C01.jpg, https:\/\/d.media.kavehome.com\/image\/upload\/w_auto,h_545,c_fill\/v1708965466\/measurements\/CC0429M46_1C01.jpg, https:\/\/d.media.kavehome.com\/image\/upload\/w_auto,h_415,c_fill\/v1708965466\/measurements\/CC0429M46_1C01.jpg, https:\/\/d.media.kavehome.com\/image\/upload\/w_auto,h_345,c_fill\/v1708965466\/measurements\/CC0429M46_1C01.jpg\"><\/source><\/picture><\/div>\n","protected":false},"excerpt":{"rendered":"<div class=\"product-summary\">\n<p class=\"product-summary__title\">Tressia Stuhl mit Armlehnen aus MDF und naturlackiertem, massivem Kautschukholz.<\/p>\n<\/div>\n","protected":false},"featured_media":1925,"comment_status":"open","ping_status":"closed","template":"","meta":{"_joinchat":[]},"product_brand":[],"product_cat":[78],"product_tag":[],"class_list":{"0":"post-1924","1":"product","2":"type-product","3":"status-publish","4":"has-post-thumbnail","6":"product_cat-stuhle","8":"first","9":"instock","10":"shipping-taxable","11":"product-type-simple"},"_links":{"self":[{"href":"https:\/\/mueblesvalles.com\/de\/wp-json\/wp\/v2\/product\/1924","targetHints":{"allow":["GET"]}}],"collection":[{"href":"https:\/\/mueblesvalles.com\/de\/wp-json\/wp\/v2\/product"}],"about":[{"href":"https:\/\/mueblesvalles.com\/de\/wp-json\/wp\/v2\/types\/product"}],"replies":[{"embeddable":true,"href":"https:\/\/mueblesvalles.com\/de\/wp-json\/wp\/v2\/comments?post=1924"}],"wp:featuredmedia":[{"embeddable":true,"href":"https:\/\/mueblesvalles.com\/de\/wp-json\/wp\/v2\/media\/1925"}],"wp:attachment":[{"href":"https:\/\/mueblesvalles.com\/de\/wp-json\/wp\/v2\/media?parent=1924"}],"wp:term":[{"taxonomy":"product_brand","embeddable":true,"href":"https:\/\/mueblesvalles.com\/de\/wp-json\/wp\/v2\/product_brand?post=1924"},{"taxonomy":"product_cat","embeddable":true,"href":"https:\/\/mueblesvalles.com\/de\/wp-json\/wp\/v2\/product_cat?post=1924"},{"taxonomy":"product_tag","embeddable":true,"href":"https:\/\/mueblesvalles.com\/de\/wp-json\/wp\/v2\/product_tag?post=1924"}],"curies":[{"name":"wp","href":"https:\/\/api.w.org\/{rel}","templated":true}]}}