{"id":1923,"date":"2024-09-04T09:57:00","date_gmt":"2024-09-04T09:57:00","guid":{"rendered":"https:\/\/mueblesvalles.com\/producto\/alsie\/"},"modified":"2024-09-04T09:57:00","modified_gmt":"2024-09-04T09:57:00","slug":"alsie","status":"publish","type":"product","link":"https:\/\/mueblesvalles.com\/fr\/producto\/alsie\/","title":{"rendered":"Alsie"},"content":{"rendered":"<div id=\"productDetails\" class=\"technicalinfo-title\">A propos du produit<\/div>\n<ul class=\"bullet-points\">\n<li class=\"bullet-points__item\">Structure en bouleau massif avec traitement laqu\u00e9.<\/li>\n<li class=\"bullet-points__item\">Si\u00e8ge en rotin fabriqu\u00e9 \u00e0 la main, ce qui rend chaque pi\u00e8ce encore plus authentique.<\/li>\n<li class=\"bullet-points__item\">Gr\u00e2ce au bois de bouleau massif et au rotin, chaque pi\u00e8ce est unique et non reproductible, avec des nuances typiques de ces mat\u00e9riaux naturels.<\/li>\n<li class=\"bullet-points__item\">Le design Kave Cares : l&rsquo;origine du bois provient de for\u00eats durables et contr\u00f4l\u00e9es pour une exploitation responsable.<\/li>\n<li class=\"bullet-points__item\">Des protections de jambes en plastique pour \u00e9viter les dommages et les rayures sur le sol.<\/li>\n<\/ul>\n","protected":false},"excerpt":{"rendered":"<div class=\"product-summary\">\n<p class=\"product-summary__title\">Chaise Alsie en bouleau massif laqu\u00e9 noir et assise en rotin<\/p>\n<div id=\"wishlist-heart\" class=\"product-summary__wishlist-heart\" data-sku=\"C417M01\" data-title=\"Silla Alsie de madera maciza de abedul lacado negro y asiento de rat\u00e1n\" data-title-en=\"Alsie chair in solid birch wood with black lacquer and rattan seat\" data-total-price=\"145.00\" data-sales-units=\"1\"><\/div>\n<\/div>\n<div id=\"product-review-container\" class=\"product-review-container\" data-sku=\"C417M01\">\n<div class=\"rating__container\"><\/div>\n<\/div>\n","protected":false},"featured_media":1926,"comment_status":"open","ping_status":"closed","template":"","meta":{"_joinchat":[]},"product_brand":[],"product_cat":[79],"product_tag":[],"class_list":{"0":"post-1923","1":"product","2":"type-product","3":"status-publish","4":"has-post-thumbnail","6":"product_cat-chaises","8":"first","9":"instock","10":"shipping-taxable","11":"product-type-simple"},"_links":{"self":[{"href":"https:\/\/mueblesvalles.com\/fr\/wp-json\/wp\/v2\/product\/1923","targetHints":{"allow":["GET"]}}],"collection":[{"href":"https:\/\/mueblesvalles.com\/fr\/wp-json\/wp\/v2\/product"}],"about":[{"href":"https:\/\/mueblesvalles.com\/fr\/wp-json\/wp\/v2\/types\/product"}],"replies":[{"embeddable":true,"href":"https:\/\/mueblesvalles.com\/fr\/wp-json\/wp\/v2\/comments?post=1923"}],"wp:featuredmedia":[{"embeddable":true,"href":"https:\/\/mueblesvalles.com\/fr\/wp-json\/wp\/v2\/media\/1926"}],"wp:attachment":[{"href":"https:\/\/mueblesvalles.com\/fr\/wp-json\/wp\/v2\/media?parent=1923"}],"wp:term":[{"taxonomy":"product_brand","embeddable":true,"href":"https:\/\/mueblesvalles.com\/fr\/wp-json\/wp\/v2\/product_brand?post=1923"},{"taxonomy":"product_cat","embeddable":true,"href":"https:\/\/mueblesvalles.com\/fr\/wp-json\/wp\/v2\/product_cat?post=1923"},{"taxonomy":"product_tag","embeddable":true,"href":"https:\/\/mueblesvalles.com\/fr\/wp-json\/wp\/v2\/product_tag?post=1923"}],"curies":[{"name":"wp","href":"https:\/\/api.w.org\/{rel}","templated":true}]}}