{"id":1949,"date":"2024-09-04T10:07:26","date_gmt":"2024-09-04T10:07:26","guid":{"rendered":"https:\/\/mueblesvalles.com\/producto\/nora\/"},"modified":"2024-09-04T10:07:26","modified_gmt":"2024-09-04T10:07:26","slug":"nora","status":"publish","type":"product","link":"https:\/\/mueblesvalles.com\/fr\/producto\/nora\/","title":{"rendered":"Nora"},"content":{"rendered":"<div id=\"productDetails\" class=\"technicalinfo-title\">A propos du produit<\/div>\n<ul class=\"bullet-points\">\n<li class=\"bullet-points__item\">Fauteuil taupe d\u00e9houssable en tissu de coton naturel et de fibres de lin avec finition sanforis\u00e9e pour plus de douceur. Comprend 2 coussins d\u00e9houssables.<\/li>\n<li class=\"bullet-points__item\">Collection avec une assise souple.<br \/>\nLes si\u00e8ges et les coussins sont remplis de mousse hach\u00e9e et de fibres recycl\u00e9es PET \u00e0 effet de duvet. <\/li>\n<li class=\"bullet-points__item\">Cette collection est un design exclusif con\u00e7u et cr\u00e9\u00e9 par l&rsquo;\u00e9quipe de Kave Home.<\/li>\n<li class=\"bullet-points__item\">Produit localement.<br \/>\nFabriqu\u00e9 en Europe selon des proc\u00e9d\u00e9s artisanaux, r\u00e9duisant les \u00e9missions de CO2 pour un impact environnemental moindre. <\/li>\n<li class=\"bullet-points__item\">Peut \u00eatre combin\u00e9 avec les autres canap\u00e9s de la collection.<\/li>\n<\/ul>\n","protected":false},"excerpt":{"rendered":"<div class=\"product-summary\">\n<p class=\"product-summary__title\">Fauteuil Nora avec housse amovible et coussin en coton et lin taupe 92 cm<\/p>\n<\/div>\n","protected":false},"featured_media":1950,"comment_status":"open","ping_status":"closed","template":"","meta":{"_joinchat":[]},"product_brand":[],"product_cat":[81],"product_tag":[],"class_list":{"0":"post-1949","1":"product","2":"type-product","3":"status-publish","4":"has-post-thumbnail","6":"product_cat-fauteuils-et-canapes","8":"first","9":"instock","10":"shipping-taxable","11":"product-type-simple"},"_links":{"self":[{"href":"https:\/\/mueblesvalles.com\/fr\/wp-json\/wp\/v2\/product\/1949","targetHints":{"allow":["GET"]}}],"collection":[{"href":"https:\/\/mueblesvalles.com\/fr\/wp-json\/wp\/v2\/product"}],"about":[{"href":"https:\/\/mueblesvalles.com\/fr\/wp-json\/wp\/v2\/types\/product"}],"replies":[{"embeddable":true,"href":"https:\/\/mueblesvalles.com\/fr\/wp-json\/wp\/v2\/comments?post=1949"}],"wp:featuredmedia":[{"embeddable":true,"href":"https:\/\/mueblesvalles.com\/fr\/wp-json\/wp\/v2\/media\/1950"}],"wp:attachment":[{"href":"https:\/\/mueblesvalles.com\/fr\/wp-json\/wp\/v2\/media?parent=1949"}],"wp:term":[{"taxonomy":"product_brand","embeddable":true,"href":"https:\/\/mueblesvalles.com\/fr\/wp-json\/wp\/v2\/product_brand?post=1949"},{"taxonomy":"product_cat","embeddable":true,"href":"https:\/\/mueblesvalles.com\/fr\/wp-json\/wp\/v2\/product_cat?post=1949"},{"taxonomy":"product_tag","embeddable":true,"href":"https:\/\/mueblesvalles.com\/fr\/wp-json\/wp\/v2\/product_tag?post=1949"}],"curies":[{"name":"wp","href":"https:\/\/api.w.org\/{rel}","templated":true}]}}