{"id":1967,"date":"2024-09-04T10:16:07","date_gmt":"2024-09-04T10:16:07","guid":{"rendered":"https:\/\/mueblesvalles.com\/producto\/elan\/"},"modified":"2024-09-04T10:16:07","modified_gmt":"2024-09-04T10:16:07","slug":"elan","status":"publish","type":"product","link":"https:\/\/mueblesvalles.com\/fr\/producto\/elan\/","title":{"rendered":"Elan"},"content":{"rendered":"<div id=\"productDetails\" class=\"technicalinfo-title\">A propos du produit<\/div>\n<ul class=\"bullet-points\">\n<li class=\"bullet-points__item\">Table de chevet en placage et pieds en noyer massif avec finition naturelle.<\/li>\n<li class=\"bullet-points__item\">Tiroir avec cordon de papier tress\u00e9 \u00e0 la main et poign\u00e9e en laiton.<br \/>\nIl est dot\u00e9 de glissi\u00e8res dissimul\u00e9es, d&rsquo;un syst\u00e8me de fermeture en douceur et d&rsquo;un syst\u00e8me de r\u00e9glage sur les pieds. <\/li>\n<li class=\"bullet-points__item\">Espace de rangement d\u00e9gag\u00e9 au-dessus du tiroir.<\/li>\n<li class=\"bullet-points__item\">Un design sophistiqu\u00e9 aux lignes fines, r\u00e9alis\u00e9 exclusivement pour Kave Home.<\/li>\n<li class=\"bullet-points__item\">Bois et papier certifi\u00e9s FSC Mix Credit, fabriqu\u00e9s \u00e0 partir d&rsquo;un m\u00e9lange de mat\u00e9riaux provenant de for\u00eats certifi\u00e9es FSC et de bois contr\u00f4l\u00e9 FSC.<\/li>\n<\/ul>\n","protected":false},"excerpt":{"rendered":"<div class=\"product-summary\">\n<p class=\"product-summary__title\">Chevet Elan en placage et noyer massif avec corde 51x45cm FSC Mix Credit<\/p>\n<\/div>\n","protected":false},"featured_media":1968,"comment_status":"open","ping_status":"closed","template":"","meta":{"_joinchat":[]},"product_brand":[],"product_cat":[84],"product_tag":[],"class_list":{"0":"post-1967","1":"product","2":"type-product","3":"status-publish","4":"has-post-thumbnail","6":"product_cat-tables-de-chevet-et-tetes-de-lit","8":"first","9":"instock","10":"shipping-taxable","11":"product-type-simple"},"_links":{"self":[{"href":"https:\/\/mueblesvalles.com\/fr\/wp-json\/wp\/v2\/product\/1967","targetHints":{"allow":["GET"]}}],"collection":[{"href":"https:\/\/mueblesvalles.com\/fr\/wp-json\/wp\/v2\/product"}],"about":[{"href":"https:\/\/mueblesvalles.com\/fr\/wp-json\/wp\/v2\/types\/product"}],"replies":[{"embeddable":true,"href":"https:\/\/mueblesvalles.com\/fr\/wp-json\/wp\/v2\/comments?post=1967"}],"wp:featuredmedia":[{"embeddable":true,"href":"https:\/\/mueblesvalles.com\/fr\/wp-json\/wp\/v2\/media\/1968"}],"wp:attachment":[{"href":"https:\/\/mueblesvalles.com\/fr\/wp-json\/wp\/v2\/media?parent=1967"}],"wp:term":[{"taxonomy":"product_brand","embeddable":true,"href":"https:\/\/mueblesvalles.com\/fr\/wp-json\/wp\/v2\/product_brand?post=1967"},{"taxonomy":"product_cat","embeddable":true,"href":"https:\/\/mueblesvalles.com\/fr\/wp-json\/wp\/v2\/product_cat?post=1967"},{"taxonomy":"product_tag","embeddable":true,"href":"https:\/\/mueblesvalles.com\/fr\/wp-json\/wp\/v2\/product_tag?post=1967"}],"curies":[{"name":"wp","href":"https:\/\/api.w.org\/{rel}","templated":true}]}}